{"id":4871,"date":"2022-11-23T21:17:15","date_gmt":"2022-11-23T21:17:15","guid":{"rendered":"https:\/\/autopecasanhanguera.com.br\/?post_type=product&#038;p=4871"},"modified":"2022-11-23T21:17:15","modified_gmt":"2022-11-23T21:17:15","slug":"vela-ign-palio-tds-8e16val-mt","status":"publish","type":"product","link":"https:\/\/autopecasanhanguera.com.br\/index.php\/product\/vela-ign-palio-tds-8e16val-mt\/","title":{"rendered":"VELA IGN PALIO TDS 8E16VAL MT"},"content":{"rendered":"<p>DESCRI\u00c7\u00c3O= VELA IGN PALIO TDS 8E16VAL MT C\u00d3DIGO DO FABRICANTE= FR6DDC4*43* MARCA = INOVA<\/p>\n","protected":false},"excerpt":{"rendered":"<p>DESCRI\u00c7\u00c3O= VELA IGN PALIO TDS 8E16VAL MT C\u00d3DIGO DO FABRICANTE= FR6DDC4*43* MARCA = INOVA<\/p>\n","protected":false},"featured_media":0,"template":"","meta":{"om_disable_all_campaigns":false,"_monsterinsights_skip_tracking":false,"_monsterinsights_sitenote_active":false,"_monsterinsights_sitenote_note":"","_monsterinsights_sitenote_category":0},"product_cat":[96],"product_tag":[],"aioseo_notices":[],"_links":{"self":[{"href":"https:\/\/autopecasanhanguera.com.br\/index.php\/wp-json\/wp\/v2\/product\/4871"}],"collection":[{"href":"https:\/\/autopecasanhanguera.com.br\/index.php\/wp-json\/wp\/v2\/product"}],"about":[{"href":"https:\/\/autopecasanhanguera.com.br\/index.php\/wp-json\/wp\/v2\/types\/product"}],"wp:attachment":[{"href":"https:\/\/autopecasanhanguera.com.br\/index.php\/wp-json\/wp\/v2\/media?parent=4871"}],"wp:term":[{"taxonomy":"product_cat","embeddable":true,"href":"https:\/\/autopecasanhanguera.com.br\/index.php\/wp-json\/wp\/v2\/product_cat?post=4871"},{"taxonomy":"product_tag","embeddable":true,"href":"https:\/\/autopecasanhanguera.com.br\/index.php\/wp-json\/wp\/v2\/product_tag?post=4871"}],"curies":[{"name":"wp","href":"https:\/\/api.w.org\/{rel}","templated":true}]}}