{"id":490,"date":"2022-11-23T21:05:11","date_gmt":"2022-11-23T21:05:11","guid":{"rendered":"https:\/\/autopecasanhanguera.com.br\/?post_type=product&#038;p=490"},"modified":"2022-11-23T21:05:11","modified_gmt":"2022-11-23T21:05:11","slug":"baquelite-bomba-comb-fiat-tds","status":"publish","type":"product","link":"https:\/\/autopecasanhanguera.com.br\/index.php\/product\/baquelite-bomba-comb-fiat-tds\/","title":{"rendered":"BAQUELITE BOMBA COMB FIAT TDS"},"content":{"rendered":"<p>DESCRI\u00c7\u00c3O= BAQUELITE BOMBA COMB FIAT TDS C\u00d3DIGO DO FABRICANTE= DEW0881A MARCA = EDSON<\/p>\n","protected":false},"excerpt":{"rendered":"<p>DESCRI\u00c7\u00c3O= BAQUELITE BOMBA COMB FIAT TDS C\u00d3DIGO DO FABRICANTE= DEW0881A MARCA = EDSON<\/p>\n","protected":false},"featured_media":0,"template":"","meta":{"om_disable_all_campaigns":false,"_monsterinsights_skip_tracking":false,"_monsterinsights_sitenote_active":false,"_monsterinsights_sitenote_note":"","_monsterinsights_sitenote_category":0},"product_cat":[300],"product_tag":[],"aioseo_notices":[],"_links":{"self":[{"href":"https:\/\/autopecasanhanguera.com.br\/index.php\/wp-json\/wp\/v2\/product\/490"}],"collection":[{"href":"https:\/\/autopecasanhanguera.com.br\/index.php\/wp-json\/wp\/v2\/product"}],"about":[{"href":"https:\/\/autopecasanhanguera.com.br\/index.php\/wp-json\/wp\/v2\/types\/product"}],"wp:attachment":[{"href":"https:\/\/autopecasanhanguera.com.br\/index.php\/wp-json\/wp\/v2\/media?parent=490"}],"wp:term":[{"taxonomy":"product_cat","embeddable":true,"href":"https:\/\/autopecasanhanguera.com.br\/index.php\/wp-json\/wp\/v2\/product_cat?post=490"},{"taxonomy":"product_tag","embeddable":true,"href":"https:\/\/autopecasanhanguera.com.br\/index.php\/wp-json\/wp\/v2\/product_tag?post=490"}],"curies":[{"name":"wp","href":"https:\/\/api.w.org\/{rel}","templated":true}]}}