{"id":5030,"date":"2022-11-23T21:17:21","date_gmt":"2022-11-23T21:17:21","guid":{"rendered":"https:\/\/autopecasanhanguera.com.br\/?post_type=product&#038;p=5030"},"modified":"2022-11-23T21:17:21","modified_gmt":"2022-11-23T21:17:21","slug":"aro-farol-f1000-l-dir","status":"publish","type":"product","link":"https:\/\/autopecasanhanguera.com.br\/index.php\/product\/aro-farol-f1000-l-dir\/","title":{"rendered":"ARO FAROL F1000 L DIR"},"content":{"rendered":"<p>DESCRI\u00c7\u00c3O= ARO FAROL F1000 L DIR C\u00d3DIGO DO FABRICANTE= AF8707 MARCA = FREE TAUROS<\/p>\n","protected":false},"excerpt":{"rendered":"<p>DESCRI\u00c7\u00c3O= ARO FAROL F1000 L DIR C\u00d3DIGO DO FABRICANTE= AF8707 MARCA = FREE TAUROS<\/p>\n","protected":false},"featured_media":0,"template":"","meta":{"om_disable_all_campaigns":false,"_monsterinsights_skip_tracking":false,"_monsterinsights_sitenote_active":false,"_monsterinsights_sitenote_note":"","_monsterinsights_sitenote_category":0},"product_cat":[89],"product_tag":[],"aioseo_notices":[],"_links":{"self":[{"href":"https:\/\/autopecasanhanguera.com.br\/index.php\/wp-json\/wp\/v2\/product\/5030"}],"collection":[{"href":"https:\/\/autopecasanhanguera.com.br\/index.php\/wp-json\/wp\/v2\/product"}],"about":[{"href":"https:\/\/autopecasanhanguera.com.br\/index.php\/wp-json\/wp\/v2\/types\/product"}],"wp:attachment":[{"href":"https:\/\/autopecasanhanguera.com.br\/index.php\/wp-json\/wp\/v2\/media?parent=5030"}],"wp:term":[{"taxonomy":"product_cat","embeddable":true,"href":"https:\/\/autopecasanhanguera.com.br\/index.php\/wp-json\/wp\/v2\/product_cat?post=5030"},{"taxonomy":"product_tag","embeddable":true,"href":"https:\/\/autopecasanhanguera.com.br\/index.php\/wp-json\/wp\/v2\/product_tag?post=5030"}],"curies":[{"name":"wp","href":"https:\/\/api.w.org\/{rel}","templated":true}]}}