{"id":506,"date":"2022-11-23T21:05:14","date_gmt":"2022-11-23T21:05:14","guid":{"rendered":"https:\/\/autopecasanhanguera.com.br\/?post_type=product&#038;p=506"},"modified":"2022-11-23T21:05:14","modified_gmt":"2022-11-23T21:05:14","slug":"pino-trava-pastilha-sedan-1600","status":"publish","type":"product","link":"https:\/\/autopecasanhanguera.com.br\/index.php\/product\/pino-trava-pastilha-sedan-1600\/","title":{"rendered":"PINO TRAVA PASTILHA SEDAN 1600"},"content":{"rendered":"<p>DESCRI\u00c7\u00c3O= PINO TRAVA PASTILHA SEDAN 1600 C\u00d3DIGO DO FABRICANTE= RRFD5427.6 MARCA = VARGAS<\/p>\n","protected":false},"excerpt":{"rendered":"<p>DESCRI\u00c7\u00c3O= PINO TRAVA PASTILHA SEDAN 1600 C\u00d3DIGO DO FABRICANTE= RRFD5427.6 MARCA = VARGAS<\/p>\n","protected":false},"featured_media":0,"template":"","meta":{"om_disable_all_campaigns":false,"_monsterinsights_skip_tracking":false,"_monsterinsights_sitenote_active":false,"_monsterinsights_sitenote_note":"","_monsterinsights_sitenote_category":0},"product_cat":[99],"product_tag":[],"aioseo_notices":[],"_links":{"self":[{"href":"https:\/\/autopecasanhanguera.com.br\/index.php\/wp-json\/wp\/v2\/product\/506"}],"collection":[{"href":"https:\/\/autopecasanhanguera.com.br\/index.php\/wp-json\/wp\/v2\/product"}],"about":[{"href":"https:\/\/autopecasanhanguera.com.br\/index.php\/wp-json\/wp\/v2\/types\/product"}],"wp:attachment":[{"href":"https:\/\/autopecasanhanguera.com.br\/index.php\/wp-json\/wp\/v2\/media?parent=506"}],"wp:term":[{"taxonomy":"product_cat","embeddable":true,"href":"https:\/\/autopecasanhanguera.com.br\/index.php\/wp-json\/wp\/v2\/product_cat?post=506"},{"taxonomy":"product_tag","embeddable":true,"href":"https:\/\/autopecasanhanguera.com.br\/index.php\/wp-json\/wp\/v2\/product_tag?post=506"}],"curies":[{"name":"wp","href":"https:\/\/api.w.org\/{rel}","templated":true}]}}