{"id":5074,"date":"2022-11-23T21:17:25","date_gmt":"2022-11-23T21:17:25","guid":{"rendered":"https:\/\/autopecasanhanguera.com.br\/?post_type=product&#038;p=5074"},"modified":"2022-11-23T21:17:25","modified_gmt":"2022-11-23T21:17:25","slug":"correia-comando-uno-131-d-mt-1","status":"publish","type":"product","link":"https:\/\/autopecasanhanguera.com.br\/index.php\/product\/correia-comando-uno-131-d-mt-1\/","title":{"rendered":"CORREIA COMANDO UNO 131 D MT 1"},"content":{"rendered":"<p>DESCRI\u00c7\u00c3O= CORREIA COMANDO UNO 131 D MT 1 C\u00d3DIGO DO FABRICANTE= 131RH8PN170HN CT964\/ MARCA = CONTINENTAL<\/p>\n","protected":false},"excerpt":{"rendered":"<p>DESCRI\u00c7\u00c3O= CORREIA COMANDO UNO 131 D MT 1 C\u00d3DIGO DO FABRICANTE= 131RH8PN170HN CT964\/ MARCA = CONTINENTAL<\/p>\n","protected":false},"featured_media":0,"template":"","meta":{"om_disable_all_campaigns":false,"_monsterinsights_skip_tracking":false,"_monsterinsights_sitenote_active":false,"_monsterinsights_sitenote_note":"","_monsterinsights_sitenote_category":0},"product_cat":[578],"product_tag":[],"aioseo_notices":[],"_links":{"self":[{"href":"https:\/\/autopecasanhanguera.com.br\/index.php\/wp-json\/wp\/v2\/product\/5074"}],"collection":[{"href":"https:\/\/autopecasanhanguera.com.br\/index.php\/wp-json\/wp\/v2\/product"}],"about":[{"href":"https:\/\/autopecasanhanguera.com.br\/index.php\/wp-json\/wp\/v2\/types\/product"}],"wp:attachment":[{"href":"https:\/\/autopecasanhanguera.com.br\/index.php\/wp-json\/wp\/v2\/media?parent=5074"}],"wp:term":[{"taxonomy":"product_cat","embeddable":true,"href":"https:\/\/autopecasanhanguera.com.br\/index.php\/wp-json\/wp\/v2\/product_cat?post=5074"},{"taxonomy":"product_tag","embeddable":true,"href":"https:\/\/autopecasanhanguera.com.br\/index.php\/wp-json\/wp\/v2\/product_tag?post=5074"}],"curies":[{"name":"wp","href":"https:\/\/api.w.org\/{rel}","templated":true}]}}