{"id":5127,"date":"2022-11-23T21:17:32","date_gmt":"2022-11-23T21:17:32","guid":{"rendered":"https:\/\/autopecasanhanguera.com.br\/?post_type=product&#038;p=5127"},"modified":"2022-11-23T21:17:32","modified_gmt":"2022-11-23T21:17:32","slug":"kit-amort-diant-kadett-ipam-89","status":"publish","type":"product","link":"https:\/\/autopecasanhanguera.com.br\/index.php\/product\/kit-amort-diant-kadett-ipam-89\/","title":{"rendered":"KIT AMORT DIANT KADETT IPAM 89"},"content":{"rendered":"<p>DESCRI\u00c7\u00c3O= KIT AMORT DIANT KADETT IPAM 89 C\u00d3DIGO DO FABRICANTE= 64008*43* MARCA = EXPLOSAO<\/p>\n","protected":false},"excerpt":{"rendered":"<p>DESCRI\u00c7\u00c3O= KIT AMORT DIANT KADETT IPAM 89 C\u00d3DIGO DO FABRICANTE= 64008*43* MARCA = EXPLOSAO<\/p>\n","protected":false},"featured_media":0,"template":"","meta":{"om_disable_all_campaigns":false,"_monsterinsights_skip_tracking":false,"_monsterinsights_sitenote_active":false,"_monsterinsights_sitenote_note":"","_monsterinsights_sitenote_category":0},"product_cat":[92],"product_tag":[],"aioseo_notices":[],"_links":{"self":[{"href":"https:\/\/autopecasanhanguera.com.br\/index.php\/wp-json\/wp\/v2\/product\/5127"}],"collection":[{"href":"https:\/\/autopecasanhanguera.com.br\/index.php\/wp-json\/wp\/v2\/product"}],"about":[{"href":"https:\/\/autopecasanhanguera.com.br\/index.php\/wp-json\/wp\/v2\/types\/product"}],"wp:attachment":[{"href":"https:\/\/autopecasanhanguera.com.br\/index.php\/wp-json\/wp\/v2\/media?parent=5127"}],"wp:term":[{"taxonomy":"product_cat","embeddable":true,"href":"https:\/\/autopecasanhanguera.com.br\/index.php\/wp-json\/wp\/v2\/product_cat?post=5127"},{"taxonomy":"product_tag","embeddable":true,"href":"https:\/\/autopecasanhanguera.com.br\/index.php\/wp-json\/wp\/v2\/product_tag?post=5127"}],"curies":[{"name":"wp","href":"https:\/\/api.w.org\/{rel}","templated":true}]}}