{"id":5159,"date":"2022-11-23T21:17:34","date_gmt":"2022-11-23T21:17:34","guid":{"rendered":"https:\/\/autopecasanhanguera.com.br\/?post_type=product&#038;p=5159"},"modified":"2022-11-23T21:17:34","modified_gmt":"2022-11-23T21:17:34","slug":"cilindro-freio-roda-tras-corce-2","status":"publish","type":"product","link":"https:\/\/autopecasanhanguera.com.br\/index.php\/product\/cilindro-freio-roda-tras-corce-2\/","title":{"rendered":"CILINDRO FREIO RODA TRAS CORCE"},"content":{"rendered":"<p>DESCRI\u00c7\u00c3O= CILINDRO FREIO RODA TRAS CORCE C\u00d3DIGO DO FABRICANTE=  C9240*43*RRSE* MARCA = FORTEC<\/p>\n","protected":false},"excerpt":{"rendered":"<p>DESCRI\u00c7\u00c3O= CILINDRO FREIO RODA TRAS CORCE C\u00d3DIGO DO FABRICANTE= C9240*43*RRSE* MARCA = FORTEC<\/p>\n","protected":false},"featured_media":0,"template":"","meta":{"om_disable_all_campaigns":false,"_monsterinsights_skip_tracking":false,"_monsterinsights_sitenote_active":false,"_monsterinsights_sitenote_note":"","_monsterinsights_sitenote_category":0},"product_cat":[99],"product_tag":[],"aioseo_notices":[],"_links":{"self":[{"href":"https:\/\/autopecasanhanguera.com.br\/index.php\/wp-json\/wp\/v2\/product\/5159"}],"collection":[{"href":"https:\/\/autopecasanhanguera.com.br\/index.php\/wp-json\/wp\/v2\/product"}],"about":[{"href":"https:\/\/autopecasanhanguera.com.br\/index.php\/wp-json\/wp\/v2\/types\/product"}],"wp:attachment":[{"href":"https:\/\/autopecasanhanguera.com.br\/index.php\/wp-json\/wp\/v2\/media?parent=5159"}],"wp:term":[{"taxonomy":"product_cat","embeddable":true,"href":"https:\/\/autopecasanhanguera.com.br\/index.php\/wp-json\/wp\/v2\/product_cat?post=5159"},{"taxonomy":"product_tag","embeddable":true,"href":"https:\/\/autopecasanhanguera.com.br\/index.php\/wp-json\/wp\/v2\/product_tag?post=5159"}],"curies":[{"name":"wp","href":"https:\/\/api.w.org\/{rel}","templated":true}]}}