{"id":529,"date":"2022-11-23T21:05:17","date_gmt":"2022-11-23T21:05:17","guid":{"rendered":"https:\/\/autopecasanhanguera.com.br\/?post_type=product&#038;p=529"},"modified":"2022-11-23T21:05:17","modified_gmt":"2022-11-23T21:05:17","slug":"pistao-freio-sedan-traz-vw-130","status":"publish","type":"product","link":"https:\/\/autopecasanhanguera.com.br\/index.php\/product\/pistao-freio-sedan-traz-vw-130\/","title":{"rendered":"PISTAO FREIO SEDAN TRAZ VW 130"},"content":{"rendered":"<p>DESCRI\u00c7\u00c3O= PISTAO FREIO SEDAN TRAZ VW 130 C\u00d3DIGO DO FABRICANTE= 1136116531**43** MARCA = VW<\/p>\n","protected":false},"excerpt":{"rendered":"<p>DESCRI\u00c7\u00c3O= PISTAO FREIO SEDAN TRAZ VW 130 C\u00d3DIGO DO FABRICANTE= 1136116531**43** MARCA = VW<\/p>\n","protected":false},"featured_media":0,"template":"","meta":{"om_disable_all_campaigns":false,"_monsterinsights_skip_tracking":false,"_monsterinsights_sitenote_active":false,"_monsterinsights_sitenote_note":"","_monsterinsights_sitenote_category":0},"product_cat":[99],"product_tag":[],"aioseo_notices":[],"_links":{"self":[{"href":"https:\/\/autopecasanhanguera.com.br\/index.php\/wp-json\/wp\/v2\/product\/529"}],"collection":[{"href":"https:\/\/autopecasanhanguera.com.br\/index.php\/wp-json\/wp\/v2\/product"}],"about":[{"href":"https:\/\/autopecasanhanguera.com.br\/index.php\/wp-json\/wp\/v2\/types\/product"}],"wp:attachment":[{"href":"https:\/\/autopecasanhanguera.com.br\/index.php\/wp-json\/wp\/v2\/media?parent=529"}],"wp:term":[{"taxonomy":"product_cat","embeddable":true,"href":"https:\/\/autopecasanhanguera.com.br\/index.php\/wp-json\/wp\/v2\/product_cat?post=529"},{"taxonomy":"product_tag","embeddable":true,"href":"https:\/\/autopecasanhanguera.com.br\/index.php\/wp-json\/wp\/v2\/product_tag?post=529"}],"curies":[{"name":"wp","href":"https:\/\/api.w.org\/{rel}","templated":true}]}}