{"id":535,"date":"2022-11-23T21:05:18","date_gmt":"2022-11-23T21:05:18","guid":{"rendered":"https:\/\/autopecasanhanguera.com.br\/?post_type=product&#038;p=535"},"modified":"2022-11-23T21:05:18","modified_gmt":"2022-11-23T21:05:18","slug":"rotor-dist-opala-a10a20-6cilin","status":"publish","type":"product","link":"https:\/\/autopecasanhanguera.com.br\/index.php\/product\/rotor-dist-opala-a10a20-6cilin\/","title":{"rendered":"ROTOR DIST OPALA A10A20 6CILIN"},"content":{"rendered":"<p>DESCRI\u00c7\u00c3O= ROTOR DIST OPALA A10A20 6CILIN C\u00d3DIGO DO FABRICANTE= 21227 GR4009R MARCA = MARFLEX<\/p>\n","protected":false},"excerpt":{"rendered":"<p>DESCRI\u00c7\u00c3O= ROTOR DIST OPALA A10A20 6CILIN C\u00d3DIGO DO FABRICANTE= 21227 GR4009R MARCA = MARFLEX<\/p>\n","protected":false},"featured_media":0,"template":"","meta":{"om_disable_all_campaigns":false,"_monsterinsights_skip_tracking":false,"_monsterinsights_sitenote_active":false,"_monsterinsights_sitenote_note":"","_monsterinsights_sitenote_category":0},"product_cat":[127],"product_tag":[],"aioseo_notices":[],"_links":{"self":[{"href":"https:\/\/autopecasanhanguera.com.br\/index.php\/wp-json\/wp\/v2\/product\/535"}],"collection":[{"href":"https:\/\/autopecasanhanguera.com.br\/index.php\/wp-json\/wp\/v2\/product"}],"about":[{"href":"https:\/\/autopecasanhanguera.com.br\/index.php\/wp-json\/wp\/v2\/types\/product"}],"wp:attachment":[{"href":"https:\/\/autopecasanhanguera.com.br\/index.php\/wp-json\/wp\/v2\/media?parent=535"}],"wp:term":[{"taxonomy":"product_cat","embeddable":true,"href":"https:\/\/autopecasanhanguera.com.br\/index.php\/wp-json\/wp\/v2\/product_cat?post=535"},{"taxonomy":"product_tag","embeddable":true,"href":"https:\/\/autopecasanhanguera.com.br\/index.php\/wp-json\/wp\/v2\/product_tag?post=535"}],"curies":[{"name":"wp","href":"https:\/\/api.w.org\/{rel}","templated":true}]}}