{"id":55,"date":"2022-11-23T21:02:46","date_gmt":"2022-11-23T21:02:46","guid":{"rendered":"https:\/\/autopecasanhanguera.com.br\/?post_type=product&#038;p=55"},"modified":"2022-11-23T21:02:46","modified_gmt":"2022-11-23T21:02:46","slug":"tampa-da-porta-luva-passat-pre","status":"publish","type":"product","link":"https:\/\/autopecasanhanguera.com.br\/index.php\/product\/tampa-da-porta-luva-passat-pre\/","title":{"rendered":"TAMPA DA PORTA LUVA PASSAT PRE"},"content":{"rendered":"<p>DESCRI\u00c7\u00c3O= TAMPA DA PORTA LUVA PASSAT PRE C\u00d3DIGO DO FABRICANTE= ZBA.857.103A05**43** MARCA = FERMAPECAS<\/p>\n","protected":false},"excerpt":{"rendered":"<p>DESCRI\u00c7\u00c3O= TAMPA DA PORTA LUVA PASSAT PRE C\u00d3DIGO DO FABRICANTE= ZBA.857.103A05**43** MARCA = FERMAPECAS<\/p>\n","protected":false},"featured_media":0,"template":"","meta":{"om_disable_all_campaigns":false,"_monsterinsights_skip_tracking":false,"_monsterinsights_sitenote_active":false,"_monsterinsights_sitenote_note":"","_monsterinsights_sitenote_category":0},"product_cat":[89],"product_tag":[],"aioseo_notices":[],"_links":{"self":[{"href":"https:\/\/autopecasanhanguera.com.br\/index.php\/wp-json\/wp\/v2\/product\/55"}],"collection":[{"href":"https:\/\/autopecasanhanguera.com.br\/index.php\/wp-json\/wp\/v2\/product"}],"about":[{"href":"https:\/\/autopecasanhanguera.com.br\/index.php\/wp-json\/wp\/v2\/types\/product"}],"wp:attachment":[{"href":"https:\/\/autopecasanhanguera.com.br\/index.php\/wp-json\/wp\/v2\/media?parent=55"}],"wp:term":[{"taxonomy":"product_cat","embeddable":true,"href":"https:\/\/autopecasanhanguera.com.br\/index.php\/wp-json\/wp\/v2\/product_cat?post=55"},{"taxonomy":"product_tag","embeddable":true,"href":"https:\/\/autopecasanhanguera.com.br\/index.php\/wp-json\/wp\/v2\/product_tag?post=55"}],"curies":[{"name":"wp","href":"https:\/\/api.w.org\/{rel}","templated":true}]}}