{"id":5515,"date":"2022-11-23T21:18:03","date_gmt":"2022-11-23T21:18:03","guid":{"rendered":"https:\/\/autopecasanhanguera.com.br\/?post_type=product&#038;p=5515"},"modified":"2022-11-23T21:18:03","modified_gmt":"2022-11-23T21:18:03","slug":"moldura-macan-int-porta-uno","status":"publish","type":"product","link":"https:\/\/autopecasanhanguera.com.br\/index.php\/product\/moldura-macan-int-porta-uno\/","title":{"rendered":"MOLDURA MACAN INT PORTA UNO"},"content":{"rendered":"<p>DESCRI\u00c7\u00c3O= MOLDURA MACAN INT PORTA UNO C\u00d3DIGO DO FABRICANTE= 0720 4098*43*XDE*5PC MARCA = NEW<\/p>\n","protected":false},"excerpt":{"rendered":"<p>DESCRI\u00c7\u00c3O= MOLDURA MACAN INT PORTA UNO C\u00d3DIGO DO FABRICANTE= 0720 4098*43*XDE*5PC MARCA = NEW<\/p>\n","protected":false},"featured_media":0,"template":"","meta":{"om_disable_all_campaigns":false,"_monsterinsights_skip_tracking":false,"_monsterinsights_sitenote_active":false,"_monsterinsights_sitenote_note":"","_monsterinsights_sitenote_category":0},"product_cat":[89],"product_tag":[],"aioseo_notices":[],"_links":{"self":[{"href":"https:\/\/autopecasanhanguera.com.br\/index.php\/wp-json\/wp\/v2\/product\/5515"}],"collection":[{"href":"https:\/\/autopecasanhanguera.com.br\/index.php\/wp-json\/wp\/v2\/product"}],"about":[{"href":"https:\/\/autopecasanhanguera.com.br\/index.php\/wp-json\/wp\/v2\/types\/product"}],"wp:attachment":[{"href":"https:\/\/autopecasanhanguera.com.br\/index.php\/wp-json\/wp\/v2\/media?parent=5515"}],"wp:term":[{"taxonomy":"product_cat","embeddable":true,"href":"https:\/\/autopecasanhanguera.com.br\/index.php\/wp-json\/wp\/v2\/product_cat?post=5515"},{"taxonomy":"product_tag","embeddable":true,"href":"https:\/\/autopecasanhanguera.com.br\/index.php\/wp-json\/wp\/v2\/product_tag?post=5515"}],"curies":[{"name":"wp","href":"https:\/\/api.w.org\/{rel}","templated":true}]}}