{"id":5520,"date":"2022-11-23T21:18:04","date_gmt":"2022-11-23T21:18:04","guid":{"rendered":"https:\/\/autopecasanhanguera.com.br\/?post_type=product&#038;p=5520"},"modified":"2022-11-23T21:18:04","modified_gmt":"2022-11-23T21:18:04","slug":"trizeta-palio-weeke-1-5-1-6-fi","status":"publish","type":"product","link":"https:\/\/autopecasanhanguera.com.br\/index.php\/product\/trizeta-palio-weeke-1-5-1-6-fi\/","title":{"rendered":"TRIZETA PALIO WEEKE 1.5 1.6 FI"},"content":{"rendered":"<p>DESCRI\u00c7\u00c3O= TRIZETA PALIO WEEKE 1.5 1.6 FI C\u00d3DIGO DO FABRICANTE= 10BO4F513*43*EXX* MARCA = COMERCI IMA MAC STAM<\/p>\n","protected":false},"excerpt":{"rendered":"<p>DESCRI\u00c7\u00c3O= TRIZETA PALIO WEEKE 1.5 1.6 FI C\u00d3DIGO DO FABRICANTE= 10BO4F513*43*EXX* MARCA = COMERCI IMA MAC STAM<\/p>\n","protected":false},"featured_media":0,"template":"","meta":{"om_disable_all_campaigns":false,"_monsterinsights_skip_tracking":false,"_monsterinsights_sitenote_active":false,"_monsterinsights_sitenote_note":"","_monsterinsights_sitenote_category":0},"product_cat":[256],"product_tag":[],"aioseo_notices":[],"_links":{"self":[{"href":"https:\/\/autopecasanhanguera.com.br\/index.php\/wp-json\/wp\/v2\/product\/5520"}],"collection":[{"href":"https:\/\/autopecasanhanguera.com.br\/index.php\/wp-json\/wp\/v2\/product"}],"about":[{"href":"https:\/\/autopecasanhanguera.com.br\/index.php\/wp-json\/wp\/v2\/types\/product"}],"wp:attachment":[{"href":"https:\/\/autopecasanhanguera.com.br\/index.php\/wp-json\/wp\/v2\/media?parent=5520"}],"wp:term":[{"taxonomy":"product_cat","embeddable":true,"href":"https:\/\/autopecasanhanguera.com.br\/index.php\/wp-json\/wp\/v2\/product_cat?post=5520"},{"taxonomy":"product_tag","embeddable":true,"href":"https:\/\/autopecasanhanguera.com.br\/index.php\/wp-json\/wp\/v2\/product_tag?post=5520"}],"curies":[{"name":"wp","href":"https:\/\/api.w.org\/{rel}","templated":true}]}}