{"id":5552,"date":"2022-11-23T21:18:08","date_gmt":"2022-11-23T21:18:08","guid":{"rendered":"https:\/\/autopecasanhanguera.com.br\/?post_type=product&#038;p=5552"},"modified":"2022-11-23T21:18:08","modified_gmt":"2022-11-23T21:18:08","slug":"fecho-capu-uno-superior-pino","status":"publish","type":"product","link":"https:\/\/autopecasanhanguera.com.br\/index.php\/product\/fecho-capu-uno-superior-pino\/","title":{"rendered":"FECHO CAPU UNO SUPERIOR (PINO)"},"content":{"rendered":"<p>DESCRI\u00c7\u00c3O= FECHO CAPU UNO SUPERIOR (PINO) C\u00d3DIGO DO FABRICANTE= 6765 MARCA = UNIVERSAL SOCIAL\/DES<\/p>\n","protected":false},"excerpt":{"rendered":"<p>DESCRI\u00c7\u00c3O= FECHO CAPU UNO SUPERIOR (PINO) C\u00d3DIGO DO FABRICANTE= 6765 MARCA = UNIVERSAL SOCIAL\/DES<\/p>\n","protected":false},"featured_media":0,"template":"","meta":{"om_disable_all_campaigns":false,"_monsterinsights_skip_tracking":false,"_monsterinsights_sitenote_active":false,"_monsterinsights_sitenote_note":"","_monsterinsights_sitenote_category":0},"product_cat":[89],"product_tag":[],"aioseo_notices":[],"_links":{"self":[{"href":"https:\/\/autopecasanhanguera.com.br\/index.php\/wp-json\/wp\/v2\/product\/5552"}],"collection":[{"href":"https:\/\/autopecasanhanguera.com.br\/index.php\/wp-json\/wp\/v2\/product"}],"about":[{"href":"https:\/\/autopecasanhanguera.com.br\/index.php\/wp-json\/wp\/v2\/types\/product"}],"wp:attachment":[{"href":"https:\/\/autopecasanhanguera.com.br\/index.php\/wp-json\/wp\/v2\/media?parent=5552"}],"wp:term":[{"taxonomy":"product_cat","embeddable":true,"href":"https:\/\/autopecasanhanguera.com.br\/index.php\/wp-json\/wp\/v2\/product_cat?post=5552"},{"taxonomy":"product_tag","embeddable":true,"href":"https:\/\/autopecasanhanguera.com.br\/index.php\/wp-json\/wp\/v2\/product_tag?post=5552"}],"curies":[{"name":"wp","href":"https:\/\/api.w.org\/{rel}","templated":true}]}}