{"id":5556,"date":"2022-11-23T21:18:08","date_gmt":"2022-11-23T21:18:08","guid":{"rendered":"https:\/\/autopecasanhanguera.com.br\/?post_type=product&#038;p=5556"},"modified":"2022-11-23T21:18:08","modified_gmt":"2022-11-23T21:18:08","slug":"chicote-ignicao-fusca-lado-cx","status":"publish","type":"product","link":"https:\/\/autopecasanhanguera.com.br\/index.php\/product\/chicote-ignicao-fusca-lado-cx\/","title":{"rendered":"CHICOTE IGNICAO FUSCA LADO CX"},"content":{"rendered":"<p>DESCRI\u00c7\u00c3O= CHICOTE IGNICAO FUSCA LADO CX C\u00d3DIGO DO FABRICANTE= 01151*43** MARCA = HORIZONTE<\/p>\n","protected":false},"excerpt":{"rendered":"<p>DESCRI\u00c7\u00c3O= CHICOTE IGNICAO FUSCA LADO CX C\u00d3DIGO DO FABRICANTE= 01151*43** MARCA = HORIZONTE<\/p>\n","protected":false},"featured_media":0,"template":"","meta":{"om_disable_all_campaigns":false,"_monsterinsights_skip_tracking":false,"_monsterinsights_sitenote_active":false,"_monsterinsights_sitenote_note":"","_monsterinsights_sitenote_category":0},"product_cat":[105],"product_tag":[],"aioseo_notices":[],"_links":{"self":[{"href":"https:\/\/autopecasanhanguera.com.br\/index.php\/wp-json\/wp\/v2\/product\/5556"}],"collection":[{"href":"https:\/\/autopecasanhanguera.com.br\/index.php\/wp-json\/wp\/v2\/product"}],"about":[{"href":"https:\/\/autopecasanhanguera.com.br\/index.php\/wp-json\/wp\/v2\/types\/product"}],"wp:attachment":[{"href":"https:\/\/autopecasanhanguera.com.br\/index.php\/wp-json\/wp\/v2\/media?parent=5556"}],"wp:term":[{"taxonomy":"product_cat","embeddable":true,"href":"https:\/\/autopecasanhanguera.com.br\/index.php\/wp-json\/wp\/v2\/product_cat?post=5556"},{"taxonomy":"product_tag","embeddable":true,"href":"https:\/\/autopecasanhanguera.com.br\/index.php\/wp-json\/wp\/v2\/product_tag?post=5556"}],"curies":[{"name":"wp","href":"https:\/\/api.w.org\/{rel}","templated":true}]}}