{"id":5630,"date":"2022-11-23T21:18:18","date_gmt":"2022-11-23T21:18:18","guid":{"rendered":"https:\/\/autopecasanhanguera.com.br\/?post_type=product&#038;p=5630"},"modified":"2022-11-23T21:18:18","modified_gmt":"2022-11-23T21:18:18","slug":"bieleta-estabilizador-corsa-02","status":"publish","type":"product","link":"https:\/\/autopecasanhanguera.com.br\/index.php\/product\/bieleta-estabilizador-corsa-02\/","title":{"rendered":"BIELETA ESTABILIZADOR CORSA 02"},"content":{"rendered":"<p>DESCRI\u00c7\u00c3O= BIELETA ESTABILIZADOR CORSA 02 C\u00d3DIGO DO FABRICANTE= K8-204 5312685 MARCA = BRASIL COMPONENTES A<\/p>\n","protected":false},"excerpt":{"rendered":"<p>DESCRI\u00c7\u00c3O= BIELETA ESTABILIZADOR CORSA 02 C\u00d3DIGO DO FABRICANTE= K8-204 5312685 MARCA = BRASIL COMPONENTES A<\/p>\n","protected":false},"featured_media":0,"template":"","meta":{"om_disable_all_campaigns":false,"_monsterinsights_skip_tracking":false,"_monsterinsights_sitenote_active":false,"_monsterinsights_sitenote_note":"","_monsterinsights_sitenote_category":0},"product_cat":[92],"product_tag":[],"aioseo_notices":[],"_links":{"self":[{"href":"https:\/\/autopecasanhanguera.com.br\/index.php\/wp-json\/wp\/v2\/product\/5630"}],"collection":[{"href":"https:\/\/autopecasanhanguera.com.br\/index.php\/wp-json\/wp\/v2\/product"}],"about":[{"href":"https:\/\/autopecasanhanguera.com.br\/index.php\/wp-json\/wp\/v2\/types\/product"}],"wp:attachment":[{"href":"https:\/\/autopecasanhanguera.com.br\/index.php\/wp-json\/wp\/v2\/media?parent=5630"}],"wp:term":[{"taxonomy":"product_cat","embeddable":true,"href":"https:\/\/autopecasanhanguera.com.br\/index.php\/wp-json\/wp\/v2\/product_cat?post=5630"},{"taxonomy":"product_tag","embeddable":true,"href":"https:\/\/autopecasanhanguera.com.br\/index.php\/wp-json\/wp\/v2\/product_tag?post=5630"}],"curies":[{"name":"wp","href":"https:\/\/api.w.org\/{rel}","templated":true}]}}