{"id":5667,"date":"2022-11-23T21:18:22","date_gmt":"2022-11-23T21:18:22","guid":{"rendered":"https:\/\/autopecasanhanguera.com.br\/?post_type=product&#038;p=5667"},"modified":"2022-11-23T21:18:22","modified_gmt":"2022-11-23T21:18:22","slug":"flexivel-freio-tras-palio-stra","status":"publish","type":"product","link":"https:\/\/autopecasanhanguera.com.br\/index.php\/product\/flexivel-freio-tras-palio-stra\/","title":{"rendered":"FLEXIVEL FREIO TRAS PALIO STRA"},"content":{"rendered":"<p>DESCRI\u00c7\u00c3O= FLEXIVEL FREIO TRAS PALIO STRA C\u00d3DIGO DO FABRICANTE= 2007*43*1UN* MARCA = NORFLEX<\/p>\n","protected":false},"excerpt":{"rendered":"<p>DESCRI\u00c7\u00c3O= FLEXIVEL FREIO TRAS PALIO STRA C\u00d3DIGO DO FABRICANTE= 2007*43*1UN* MARCA = NORFLEX<\/p>\n","protected":false},"featured_media":0,"template":"","meta":{"om_disable_all_campaigns":false,"_monsterinsights_skip_tracking":false,"_monsterinsights_sitenote_active":false,"_monsterinsights_sitenote_note":"","_monsterinsights_sitenote_category":0},"product_cat":[99],"product_tag":[],"aioseo_notices":[],"_links":{"self":[{"href":"https:\/\/autopecasanhanguera.com.br\/index.php\/wp-json\/wp\/v2\/product\/5667"}],"collection":[{"href":"https:\/\/autopecasanhanguera.com.br\/index.php\/wp-json\/wp\/v2\/product"}],"about":[{"href":"https:\/\/autopecasanhanguera.com.br\/index.php\/wp-json\/wp\/v2\/types\/product"}],"wp:attachment":[{"href":"https:\/\/autopecasanhanguera.com.br\/index.php\/wp-json\/wp\/v2\/media?parent=5667"}],"wp:term":[{"taxonomy":"product_cat","embeddable":true,"href":"https:\/\/autopecasanhanguera.com.br\/index.php\/wp-json\/wp\/v2\/product_cat?post=5667"},{"taxonomy":"product_tag","embeddable":true,"href":"https:\/\/autopecasanhanguera.com.br\/index.php\/wp-json\/wp\/v2\/product_tag?post=5667"}],"curies":[{"name":"wp","href":"https:\/\/api.w.org\/{rel}","templated":true}]}}