{"id":568,"date":"2022-11-23T21:05:22","date_gmt":"2022-11-23T21:05:22","guid":{"rendered":"https:\/\/autopecasanhanguera.com.br\/?post_type=product&#038;p=568"},"modified":"2022-11-23T21:05:22","modified_gmt":"2022-11-23T21:05:22","slug":"junta-cambio-opala-4-e-6-cil","status":"publish","type":"product","link":"https:\/\/autopecasanhanguera.com.br\/index.php\/product\/junta-cambio-opala-4-e-6-cil\/","title":{"rendered":"JUNTA CAMBIO OPALA 4 E 6 CIL"},"content":{"rendered":"<p>DESCRI\u00c7\u00c3O= JUNTA CAMBIO OPALA 4 E 6 CIL C\u00d3DIGO DO FABRICANTE= 20.408 10650GA MARCA = CHG<\/p>\n","protected":false},"excerpt":{"rendered":"<p>DESCRI\u00c7\u00c3O= JUNTA CAMBIO OPALA 4 E 6 CIL C\u00d3DIGO DO FABRICANTE= 20.408 10650GA MARCA = CHG<\/p>\n","protected":false},"featured_media":0,"template":"","meta":{"om_disable_all_campaigns":false,"_monsterinsights_skip_tracking":false,"_monsterinsights_sitenote_active":false,"_monsterinsights_sitenote_note":"","_monsterinsights_sitenote_category":0},"product_cat":[241],"product_tag":[],"aioseo_notices":[],"_links":{"self":[{"href":"https:\/\/autopecasanhanguera.com.br\/index.php\/wp-json\/wp\/v2\/product\/568"}],"collection":[{"href":"https:\/\/autopecasanhanguera.com.br\/index.php\/wp-json\/wp\/v2\/product"}],"about":[{"href":"https:\/\/autopecasanhanguera.com.br\/index.php\/wp-json\/wp\/v2\/types\/product"}],"wp:attachment":[{"href":"https:\/\/autopecasanhanguera.com.br\/index.php\/wp-json\/wp\/v2\/media?parent=568"}],"wp:term":[{"taxonomy":"product_cat","embeddable":true,"href":"https:\/\/autopecasanhanguera.com.br\/index.php\/wp-json\/wp\/v2\/product_cat?post=568"},{"taxonomy":"product_tag","embeddable":true,"href":"https:\/\/autopecasanhanguera.com.br\/index.php\/wp-json\/wp\/v2\/product_tag?post=568"}],"curies":[{"name":"wp","href":"https:\/\/api.w.org\/{rel}","templated":true}]}}