{"id":5749,"date":"2022-11-23T21:18:28","date_gmt":"2022-11-23T21:18:28","guid":{"rendered":"https:\/\/autopecasanhanguera.com.br\/?post_type=product&#038;p=5749"},"modified":"2022-11-23T21:18:28","modified_gmt":"2022-11-23T21:18:28","slug":"extintor-1kg-comprido-universa","status":"publish","type":"product","link":"https:\/\/autopecasanhanguera.com.br\/index.php\/product\/extintor-1kg-comprido-universa\/","title":{"rendered":"EXTINTOR 1KG COMPRIDO UNIVERSA"},"content":{"rendered":"<p>DESCRI\u00c7\u00c3O= EXTINTOR 1KG COMPRIDO UNIVERSA C\u00d3DIGO DO FABRICANTE=  R987 MARCA = RESIL<\/p>\n","protected":false},"excerpt":{"rendered":"<p>DESCRI\u00c7\u00c3O= EXTINTOR 1KG COMPRIDO UNIVERSA C\u00d3DIGO DO FABRICANTE= R987 MARCA = RESIL<\/p>\n","protected":false},"featured_media":0,"template":"","meta":{"om_disable_all_campaigns":false,"_monsterinsights_skip_tracking":false,"_monsterinsights_sitenote_active":false,"_monsterinsights_sitenote_note":"","_monsterinsights_sitenote_category":0},"product_cat":[105],"product_tag":[],"aioseo_notices":[],"_links":{"self":[{"href":"https:\/\/autopecasanhanguera.com.br\/index.php\/wp-json\/wp\/v2\/product\/5749"}],"collection":[{"href":"https:\/\/autopecasanhanguera.com.br\/index.php\/wp-json\/wp\/v2\/product"}],"about":[{"href":"https:\/\/autopecasanhanguera.com.br\/index.php\/wp-json\/wp\/v2\/types\/product"}],"wp:attachment":[{"href":"https:\/\/autopecasanhanguera.com.br\/index.php\/wp-json\/wp\/v2\/media?parent=5749"}],"wp:term":[{"taxonomy":"product_cat","embeddable":true,"href":"https:\/\/autopecasanhanguera.com.br\/index.php\/wp-json\/wp\/v2\/product_cat?post=5749"},{"taxonomy":"product_tag","embeddable":true,"href":"https:\/\/autopecasanhanguera.com.br\/index.php\/wp-json\/wp\/v2\/product_tag?post=5749"}],"curies":[{"name":"wp","href":"https:\/\/api.w.org\/{rel}","templated":true}]}}