{"id":5851,"date":"2022-11-23T21:18:39","date_gmt":"2022-11-23T21:18:39","guid":{"rendered":"https:\/\/autopecasanhanguera.com.br\/?post_type=product&#038;p=5851"},"modified":"2022-11-23T21:18:40","modified_gmt":"2022-11-23T21:18:40","slug":"cx-ar-corsa-4pts","status":"publish","type":"product","link":"https:\/\/autopecasanhanguera.com.br\/index.php\/product\/cx-ar-corsa-4pts\/","title":{"rendered":"CX AR corsa 4pts"},"content":{"rendered":"<p>DESCRI\u00c7\u00c3O= CX AR corsa 4pts C\u00d3DIGO DO FABRICANTE= PR3347 MARCA = J-LEAL<\/p>\n","protected":false},"excerpt":{"rendered":"<p>DESCRI\u00c7\u00c3O= CX AR corsa 4pts C\u00d3DIGO DO FABRICANTE= PR3347 MARCA = J-LEAL<\/p>\n","protected":false},"featured_media":0,"template":"","meta":{"om_disable_all_campaigns":false,"_monsterinsights_skip_tracking":false,"_monsterinsights_sitenote_active":false,"_monsterinsights_sitenote_note":"","_monsterinsights_sitenote_category":0},"product_cat":[105],"product_tag":[],"aioseo_notices":[],"_links":{"self":[{"href":"https:\/\/autopecasanhanguera.com.br\/index.php\/wp-json\/wp\/v2\/product\/5851"}],"collection":[{"href":"https:\/\/autopecasanhanguera.com.br\/index.php\/wp-json\/wp\/v2\/product"}],"about":[{"href":"https:\/\/autopecasanhanguera.com.br\/index.php\/wp-json\/wp\/v2\/types\/product"}],"wp:attachment":[{"href":"https:\/\/autopecasanhanguera.com.br\/index.php\/wp-json\/wp\/v2\/media?parent=5851"}],"wp:term":[{"taxonomy":"product_cat","embeddable":true,"href":"https:\/\/autopecasanhanguera.com.br\/index.php\/wp-json\/wp\/v2\/product_cat?post=5851"},{"taxonomy":"product_tag","embeddable":true,"href":"https:\/\/autopecasanhanguera.com.br\/index.php\/wp-json\/wp\/v2\/product_tag?post=5851"}],"curies":[{"name":"wp","href":"https:\/\/api.w.org\/{rel}","templated":true}]}}