{"id":5933,"date":"2022-11-23T21:18:45","date_gmt":"2022-11-23T21:18:45","guid":{"rendered":"https:\/\/autopecasanhanguera.com.br\/?post_type=product&#038;p=5933"},"modified":"2022-11-23T21:18:45","modified_gmt":"2022-11-23T21:18:45","slug":"lant-diant-monza-91-l-dir-amba","status":"publish","type":"product","link":"https:\/\/autopecasanhanguera.com.br\/index.php\/product\/lant-diant-monza-91-l-dir-amba\/","title":{"rendered":"LANT DIANT MONZA 91 L DIR AMBA"},"content":{"rendered":"<p>DESCRI\u00c7\u00c3O= LANT DIANT MONZA 91 L DIR AMBA C\u00d3DIGO DO FABRICANTE= L652-A MARCA = TAUROS<\/p>\n","protected":false},"excerpt":{"rendered":"<p>DESCRI\u00c7\u00c3O= LANT DIANT MONZA 91 L DIR AMBA C\u00d3DIGO DO FABRICANTE= L652-A MARCA = TAUROS<\/p>\n","protected":false},"featured_media":0,"template":"","meta":{"om_disable_all_campaigns":false,"_monsterinsights_skip_tracking":false,"_monsterinsights_sitenote_active":false,"_monsterinsights_sitenote_note":"","_monsterinsights_sitenote_category":0},"product_cat":[89],"product_tag":[],"aioseo_notices":[],"_links":{"self":[{"href":"https:\/\/autopecasanhanguera.com.br\/index.php\/wp-json\/wp\/v2\/product\/5933"}],"collection":[{"href":"https:\/\/autopecasanhanguera.com.br\/index.php\/wp-json\/wp\/v2\/product"}],"about":[{"href":"https:\/\/autopecasanhanguera.com.br\/index.php\/wp-json\/wp\/v2\/types\/product"}],"wp:attachment":[{"href":"https:\/\/autopecasanhanguera.com.br\/index.php\/wp-json\/wp\/v2\/media?parent=5933"}],"wp:term":[{"taxonomy":"product_cat","embeddable":true,"href":"https:\/\/autopecasanhanguera.com.br\/index.php\/wp-json\/wp\/v2\/product_cat?post=5933"},{"taxonomy":"product_tag","embeddable":true,"href":"https:\/\/autopecasanhanguera.com.br\/index.php\/wp-json\/wp\/v2\/product_tag?post=5933"}],"curies":[{"name":"wp","href":"https:\/\/api.w.org\/{rel}","templated":true}]}}