{"id":606,"date":"2022-11-23T21:05:28","date_gmt":"2022-11-23T21:05:28","guid":{"rendered":"https:\/\/autopecasanhanguera.com.br\/?post_type=product&#038;p=606"},"modified":"2022-11-23T21:05:28","modified_gmt":"2022-11-23T21:05:28","slug":"porca-sex-4-mm","status":"publish","type":"product","link":"https:\/\/autopecasanhanguera.com.br\/index.php\/product\/porca-sex-4-mm\/","title":{"rendered":"PORCA SEX 4 MM"},"content":{"rendered":"<p>DESCRI\u00c7\u00c3O= PORCA SEX 4 MM C\u00d3DIGO DO FABRICANTE= 4710010*43*XXU MARCA = NEW SW DIESEL<\/p>\n","protected":false},"excerpt":{"rendered":"<p>DESCRI\u00c7\u00c3O= PORCA SEX 4 MM C\u00d3DIGO DO FABRICANTE= 4710010*43*XXU MARCA = NEW SW DIESEL<\/p>\n","protected":false},"featured_media":0,"template":"","meta":{"om_disable_all_campaigns":false,"_monsterinsights_skip_tracking":false,"_monsterinsights_sitenote_active":false,"_monsterinsights_sitenote_note":"","_monsterinsights_sitenote_category":0},"product_cat":[103],"product_tag":[],"aioseo_notices":[],"_links":{"self":[{"href":"https:\/\/autopecasanhanguera.com.br\/index.php\/wp-json\/wp\/v2\/product\/606"}],"collection":[{"href":"https:\/\/autopecasanhanguera.com.br\/index.php\/wp-json\/wp\/v2\/product"}],"about":[{"href":"https:\/\/autopecasanhanguera.com.br\/index.php\/wp-json\/wp\/v2\/types\/product"}],"wp:attachment":[{"href":"https:\/\/autopecasanhanguera.com.br\/index.php\/wp-json\/wp\/v2\/media?parent=606"}],"wp:term":[{"taxonomy":"product_cat","embeddable":true,"href":"https:\/\/autopecasanhanguera.com.br\/index.php\/wp-json\/wp\/v2\/product_cat?post=606"},{"taxonomy":"product_tag","embeddable":true,"href":"https:\/\/autopecasanhanguera.com.br\/index.php\/wp-json\/wp\/v2\/product_tag?post=606"}],"curies":[{"name":"wp","href":"https:\/\/api.w.org\/{rel}","templated":true}]}}