{"id":61,"date":"2022-11-23T21:02:47","date_gmt":"2022-11-23T21:02:47","guid":{"rendered":"https:\/\/autopecasanhanguera.com.br\/?post_type=product&#038;p=61"},"modified":"2022-11-23T21:02:47","modified_gmt":"2022-11-23T21:02:47","slug":"chapa-capa-de-tucho-vw-1600-al","status":"publish","type":"product","link":"https:\/\/autopecasanhanguera.com.br\/index.php\/product\/chapa-capa-de-tucho-vw-1600-al\/","title":{"rendered":"CHAPA CAPA DE TUCHO VW 1600 AL"},"content":{"rendered":"<p>DESCRI\u00c7\u00c3O= CHAPA CAPA DE TUCHO VW 1600 AL C\u00d3DIGO DO FABRICANTE= 0401193574**43** MARCA = VW<\/p>\n","protected":false},"excerpt":{"rendered":"<p>DESCRI\u00c7\u00c3O= CHAPA CAPA DE TUCHO VW 1600 AL C\u00d3DIGO DO FABRICANTE= 0401193574**43** MARCA = VW<\/p>\n","protected":false},"featured_media":0,"template":"","meta":{"om_disable_all_campaigns":false,"_monsterinsights_skip_tracking":false,"_monsterinsights_sitenote_active":false,"_monsterinsights_sitenote_note":"","_monsterinsights_sitenote_category":0},"product_cat":[105],"product_tag":[],"aioseo_notices":[],"_links":{"self":[{"href":"https:\/\/autopecasanhanguera.com.br\/index.php\/wp-json\/wp\/v2\/product\/61"}],"collection":[{"href":"https:\/\/autopecasanhanguera.com.br\/index.php\/wp-json\/wp\/v2\/product"}],"about":[{"href":"https:\/\/autopecasanhanguera.com.br\/index.php\/wp-json\/wp\/v2\/types\/product"}],"wp:attachment":[{"href":"https:\/\/autopecasanhanguera.com.br\/index.php\/wp-json\/wp\/v2\/media?parent=61"}],"wp:term":[{"taxonomy":"product_cat","embeddable":true,"href":"https:\/\/autopecasanhanguera.com.br\/index.php\/wp-json\/wp\/v2\/product_cat?post=61"},{"taxonomy":"product_tag","embeddable":true,"href":"https:\/\/autopecasanhanguera.com.br\/index.php\/wp-json\/wp\/v2\/product_tag?post=61"}],"curies":[{"name":"wp","href":"https:\/\/api.w.org\/{rel}","templated":true}]}}