{"id":617,"date":"2022-11-23T21:05:29","date_gmt":"2022-11-23T21:05:29","guid":{"rendered":"https:\/\/autopecasanhanguera.com.br\/?post_type=product&#038;p=617"},"modified":"2022-11-23T21:05:29","modified_gmt":"2022-11-23T21:05:29","slug":"eletrodo-6013-250mm","status":"publish","type":"product","link":"https:\/\/autopecasanhanguera.com.br\/index.php\/product\/eletrodo-6013-250mm\/","title":{"rendered":"ELETRODO 6013 2,50MM"},"content":{"rendered":"<p>DESCRI\u00c7\u00c3O= ELETRODO 6013 2,50MM C\u00d3DIGO DO FABRICANTE= 18789172 3861 MARCA = BARBOSA<\/p>\n","protected":false},"excerpt":{"rendered":"<p>DESCRI\u00c7\u00c3O= ELETRODO 6013 2,50MM C\u00d3DIGO DO FABRICANTE= 18789172 3861 MARCA = BARBOSA<\/p>\n","protected":false},"featured_media":0,"template":"","meta":{"om_disable_all_campaigns":false,"_monsterinsights_skip_tracking":false,"_monsterinsights_sitenote_active":false,"_monsterinsights_sitenote_note":"","_monsterinsights_sitenote_category":0},"product_cat":[471],"product_tag":[],"aioseo_notices":[],"_links":{"self":[{"href":"https:\/\/autopecasanhanguera.com.br\/index.php\/wp-json\/wp\/v2\/product\/617"}],"collection":[{"href":"https:\/\/autopecasanhanguera.com.br\/index.php\/wp-json\/wp\/v2\/product"}],"about":[{"href":"https:\/\/autopecasanhanguera.com.br\/index.php\/wp-json\/wp\/v2\/types\/product"}],"wp:attachment":[{"href":"https:\/\/autopecasanhanguera.com.br\/index.php\/wp-json\/wp\/v2\/media?parent=617"}],"wp:term":[{"taxonomy":"product_cat","embeddable":true,"href":"https:\/\/autopecasanhanguera.com.br\/index.php\/wp-json\/wp\/v2\/product_cat?post=617"},{"taxonomy":"product_tag","embeddable":true,"href":"https:\/\/autopecasanhanguera.com.br\/index.php\/wp-json\/wp\/v2\/product_tag?post=617"}],"curies":[{"name":"wp","href":"https:\/\/api.w.org\/{rel}","templated":true}]}}