{"id":641,"date":"2022-11-23T21:05:34","date_gmt":"2022-11-23T21:05:34","guid":{"rendered":"https:\/\/autopecasanhanguera.com.br\/?post_type=product&#038;p=641"},"modified":"2022-11-23T21:05:34","modified_gmt":"2022-11-23T21:05:34","slug":"lateral-parati-tras-l-dir","status":"publish","type":"product","link":"https:\/\/autopecasanhanguera.com.br\/index.php\/product\/lateral-parati-tras-l-dir\/","title":{"rendered":"LATERAL PARATI TRAS L DIR"},"content":{"rendered":"<p>DESCRI\u00c7\u00c3O= LATERAL PARATI TRAS L DIR C\u00d3DIGO DO FABRICANTE=  MARCA = SEM MARCA<\/p>\n","protected":false},"excerpt":{"rendered":"<p>DESCRI\u00c7\u00c3O= LATERAL PARATI TRAS L DIR C\u00d3DIGO DO FABRICANTE= MARCA = SEM MARCA<\/p>\n","protected":false},"featured_media":0,"template":"","meta":{"om_disable_all_campaigns":false,"_monsterinsights_skip_tracking":false,"_monsterinsights_sitenote_active":false,"_monsterinsights_sitenote_note":"","_monsterinsights_sitenote_category":0},"product_cat":[479],"product_tag":[],"aioseo_notices":[],"_links":{"self":[{"href":"https:\/\/autopecasanhanguera.com.br\/index.php\/wp-json\/wp\/v2\/product\/641"}],"collection":[{"href":"https:\/\/autopecasanhanguera.com.br\/index.php\/wp-json\/wp\/v2\/product"}],"about":[{"href":"https:\/\/autopecasanhanguera.com.br\/index.php\/wp-json\/wp\/v2\/types\/product"}],"wp:attachment":[{"href":"https:\/\/autopecasanhanguera.com.br\/index.php\/wp-json\/wp\/v2\/media?parent=641"}],"wp:term":[{"taxonomy":"product_cat","embeddable":true,"href":"https:\/\/autopecasanhanguera.com.br\/index.php\/wp-json\/wp\/v2\/product_cat?post=641"},{"taxonomy":"product_tag","embeddable":true,"href":"https:\/\/autopecasanhanguera.com.br\/index.php\/wp-json\/wp\/v2\/product_tag?post=641"}],"curies":[{"name":"wp","href":"https:\/\/api.w.org\/{rel}","templated":true}]}}