{"id":664,"date":"2022-11-23T21:05:38","date_gmt":"2022-11-23T21:05:38","guid":{"rendered":"https:\/\/autopecasanhanguera.com.br\/?post_type=product&#038;p=664"},"modified":"2022-11-23T21:05:38","modified_gmt":"2022-11-23T21:05:38","slug":"gigle-carb-principal-460-cht-w","status":"publish","type":"product","link":"https:\/\/autopecasanhanguera.com.br\/index.php\/product\/gigle-carb-principal-460-cht-w\/","title":{"rendered":"GIGLE CARB PRINCIPAL 460 CHT W"},"content":{"rendered":"<p>DESCRI\u00c7\u00c3O= GIGLE CARB PRINCIPAL 460 CHT W C\u00d3DIGO DO FABRICANTE= 42021050002*43*PRX* MARCA = MASTER<\/p>\n","protected":false},"excerpt":{"rendered":"<p>DESCRI\u00c7\u00c3O= GIGLE CARB PRINCIPAL 460 CHT W C\u00d3DIGO DO FABRICANTE= 42021050002*43*PRX* MARCA = MASTER<\/p>\n","protected":false},"featured_media":0,"template":"","meta":{"om_disable_all_campaigns":false,"_monsterinsights_skip_tracking":false,"_monsterinsights_sitenote_active":false,"_monsterinsights_sitenote_note":"","_monsterinsights_sitenote_category":0},"product_cat":[300],"product_tag":[],"aioseo_notices":[],"_links":{"self":[{"href":"https:\/\/autopecasanhanguera.com.br\/index.php\/wp-json\/wp\/v2\/product\/664"}],"collection":[{"href":"https:\/\/autopecasanhanguera.com.br\/index.php\/wp-json\/wp\/v2\/product"}],"about":[{"href":"https:\/\/autopecasanhanguera.com.br\/index.php\/wp-json\/wp\/v2\/types\/product"}],"wp:attachment":[{"href":"https:\/\/autopecasanhanguera.com.br\/index.php\/wp-json\/wp\/v2\/media?parent=664"}],"wp:term":[{"taxonomy":"product_cat","embeddable":true,"href":"https:\/\/autopecasanhanguera.com.br\/index.php\/wp-json\/wp\/v2\/product_cat?post=664"},{"taxonomy":"product_tag","embeddable":true,"href":"https:\/\/autopecasanhanguera.com.br\/index.php\/wp-json\/wp\/v2\/product_tag?post=664"}],"curies":[{"name":"wp","href":"https:\/\/api.w.org\/{rel}","templated":true}]}}