{"id":696,"date":"2022-11-23T21:05:42","date_gmt":"2022-11-23T21:05:42","guid":{"rendered":"https:\/\/autopecasanhanguera.com.br\/?post_type=product&#038;p=696"},"modified":"2022-11-23T21:05:42","modified_gmt":"2022-11-23T21:05:42","slug":"reparo-alavanca-encosto-re-cor","status":"publish","type":"product","link":"https:\/\/autopecasanhanguera.com.br\/index.php\/product\/reparo-alavanca-encosto-re-cor\/","title":{"rendered":"REPARO ALAVANCA ENCOSTO RE COR"},"content":{"rendered":"<p>DESCRI\u00c7\u00c3O= REPARO ALAVANCA ENCOSTO RE COR C\u00d3DIGO DO FABRICANTE= 6726 TR-6726-JOGO**4 MARCA = TR<\/p>\n","protected":false},"excerpt":{"rendered":"<p>DESCRI\u00c7\u00c3O= REPARO ALAVANCA ENCOSTO RE COR C\u00d3DIGO DO FABRICANTE= 6726 TR-6726-JOGO**4 MARCA = TR<\/p>\n","protected":false},"featured_media":0,"template":"","meta":{"om_disable_all_campaigns":false,"_monsterinsights_skip_tracking":false,"_monsterinsights_sitenote_active":false,"_monsterinsights_sitenote_note":"","_monsterinsights_sitenote_category":0},"product_cat":[205],"product_tag":[],"aioseo_notices":[],"_links":{"self":[{"href":"https:\/\/autopecasanhanguera.com.br\/index.php\/wp-json\/wp\/v2\/product\/696"}],"collection":[{"href":"https:\/\/autopecasanhanguera.com.br\/index.php\/wp-json\/wp\/v2\/product"}],"about":[{"href":"https:\/\/autopecasanhanguera.com.br\/index.php\/wp-json\/wp\/v2\/types\/product"}],"wp:attachment":[{"href":"https:\/\/autopecasanhanguera.com.br\/index.php\/wp-json\/wp\/v2\/media?parent=696"}],"wp:term":[{"taxonomy":"product_cat","embeddable":true,"href":"https:\/\/autopecasanhanguera.com.br\/index.php\/wp-json\/wp\/v2\/product_cat?post=696"},{"taxonomy":"product_tag","embeddable":true,"href":"https:\/\/autopecasanhanguera.com.br\/index.php\/wp-json\/wp\/v2\/product_tag?post=696"}],"curies":[{"name":"wp","href":"https:\/\/api.w.org\/{rel}","templated":true}]}}