{"id":763,"date":"2022-11-23T21:05:53","date_gmt":"2022-11-23T21:05:53","guid":{"rendered":"https:\/\/autopecasanhanguera.com.br\/?post_type=product&#038;p=763"},"modified":"2022-11-23T21:05:53","modified_gmt":"2022-11-23T21:05:53","slug":"retentor-comando-uno-fire-8val","status":"publish","type":"product","link":"https:\/\/autopecasanhanguera.com.br\/index.php\/product\/retentor-comando-uno-fire-8val\/","title":{"rendered":"RETENTOR COMANDO UNO FIRE 8VAL"},"content":{"rendered":"<p>DESCRI\u00c7\u00c3O= RETENTOR COMANDO UNO FIRE 8VAL C\u00d3DIGO DO FABRICANTE= R270515V 2539SA MARCA = SABO TARANTO<\/p>\n","protected":false},"excerpt":{"rendered":"<p>DESCRI\u00c7\u00c3O= RETENTOR COMANDO UNO FIRE 8VAL C\u00d3DIGO DO FABRICANTE= R270515V 2539SA MARCA = SABO TARANTO<\/p>\n","protected":false},"featured_media":0,"template":"","meta":{"om_disable_all_campaigns":false,"_monsterinsights_skip_tracking":false,"_monsterinsights_sitenote_active":false,"_monsterinsights_sitenote_note":"","_monsterinsights_sitenote_category":0},"product_cat":[209],"product_tag":[],"aioseo_notices":[],"_links":{"self":[{"href":"https:\/\/autopecasanhanguera.com.br\/index.php\/wp-json\/wp\/v2\/product\/763"}],"collection":[{"href":"https:\/\/autopecasanhanguera.com.br\/index.php\/wp-json\/wp\/v2\/product"}],"about":[{"href":"https:\/\/autopecasanhanguera.com.br\/index.php\/wp-json\/wp\/v2\/types\/product"}],"wp:attachment":[{"href":"https:\/\/autopecasanhanguera.com.br\/index.php\/wp-json\/wp\/v2\/media?parent=763"}],"wp:term":[{"taxonomy":"product_cat","embeddable":true,"href":"https:\/\/autopecasanhanguera.com.br\/index.php\/wp-json\/wp\/v2\/product_cat?post=763"},{"taxonomy":"product_tag","embeddable":true,"href":"https:\/\/autopecasanhanguera.com.br\/index.php\/wp-json\/wp\/v2\/product_tag?post=763"}],"curies":[{"name":"wp","href":"https:\/\/api.w.org\/{rel}","templated":true}]}}