{"id":808,"date":"2022-11-23T21:06:00","date_gmt":"2022-11-23T21:06:00","guid":{"rendered":"https:\/\/autopecasanhanguera.com.br\/?post_type=product&#038;p=808"},"modified":"2022-11-23T21:06:00","modified_gmt":"2022-11-23T21:06:00","slug":"calco-reg-rolamento-lat-difere-2","status":"publish","type":"product","link":"https:\/\/autopecasanhanguera.com.br\/index.php\/product\/calco-reg-rolamento-lat-difere-2\/","title":{"rendered":"CALCO REG ROLAMENTO LAT DIFERE"},"content":{"rendered":"<p>DESCRI\u00c7\u00c3O= CALCO REG ROLAMENTO LAT DIFERE C\u00d3DIGO DO FABRICANTE= 113517209**43** MARCA = VW<\/p>\n","protected":false},"excerpt":{"rendered":"<p>DESCRI\u00c7\u00c3O= CALCO REG ROLAMENTO LAT DIFERE C\u00d3DIGO DO FABRICANTE= 113517209**43** MARCA = VW<\/p>\n","protected":false},"featured_media":0,"template":"","meta":{"om_disable_all_campaigns":false,"_monsterinsights_skip_tracking":false,"_monsterinsights_sitenote_active":false,"_monsterinsights_sitenote_note":"","_monsterinsights_sitenote_category":0},"product_cat":[336],"product_tag":[],"aioseo_notices":[],"_links":{"self":[{"href":"https:\/\/autopecasanhanguera.com.br\/index.php\/wp-json\/wp\/v2\/product\/808"}],"collection":[{"href":"https:\/\/autopecasanhanguera.com.br\/index.php\/wp-json\/wp\/v2\/product"}],"about":[{"href":"https:\/\/autopecasanhanguera.com.br\/index.php\/wp-json\/wp\/v2\/types\/product"}],"wp:attachment":[{"href":"https:\/\/autopecasanhanguera.com.br\/index.php\/wp-json\/wp\/v2\/media?parent=808"}],"wp:term":[{"taxonomy":"product_cat","embeddable":true,"href":"https:\/\/autopecasanhanguera.com.br\/index.php\/wp-json\/wp\/v2\/product_cat?post=808"},{"taxonomy":"product_tag","embeddable":true,"href":"https:\/\/autopecasanhanguera.com.br\/index.php\/wp-json\/wp\/v2\/product_tag?post=808"}],"curies":[{"name":"wp","href":"https:\/\/api.w.org\/{rel}","templated":true}]}}