{"id":820,"date":"2022-11-23T21:06:02","date_gmt":"2022-11-23T21:06:02","guid":{"rendered":"https:\/\/autopecasanhanguera.com.br\/?post_type=product&#038;p=820"},"modified":"2022-11-23T21:06:02","modified_gmt":"2022-11-23T21:06:02","slug":"bracadeira-haste-lig-cambio-pa","status":"publish","type":"product","link":"https:\/\/autopecasanhanguera.com.br\/index.php\/product\/bracadeira-haste-lig-cambio-pa\/","title":{"rendered":"BRACADEIRA HASTE LIG CAMBIO PA"},"content":{"rendered":"<p>DESCRI\u00c7\u00c3O= BRACADEIRA HASTE LIG CAMBIO PA C\u00d3DIGO DO FABRICANTE= 803711237A**43** MARCA = VW<\/p>\n","protected":false},"excerpt":{"rendered":"<p>DESCRI\u00c7\u00c3O= BRACADEIRA HASTE LIG CAMBIO PA C\u00d3DIGO DO FABRICANTE= 803711237A**43** MARCA = VW<\/p>\n","protected":false},"featured_media":0,"template":"","meta":{"om_disable_all_campaigns":false,"_monsterinsights_skip_tracking":false,"_monsterinsights_sitenote_active":false,"_monsterinsights_sitenote_note":"","_monsterinsights_sitenote_category":0},"product_cat":[89],"product_tag":[],"aioseo_notices":[],"_links":{"self":[{"href":"https:\/\/autopecasanhanguera.com.br\/index.php\/wp-json\/wp\/v2\/product\/820"}],"collection":[{"href":"https:\/\/autopecasanhanguera.com.br\/index.php\/wp-json\/wp\/v2\/product"}],"about":[{"href":"https:\/\/autopecasanhanguera.com.br\/index.php\/wp-json\/wp\/v2\/types\/product"}],"wp:attachment":[{"href":"https:\/\/autopecasanhanguera.com.br\/index.php\/wp-json\/wp\/v2\/media?parent=820"}],"wp:term":[{"taxonomy":"product_cat","embeddable":true,"href":"https:\/\/autopecasanhanguera.com.br\/index.php\/wp-json\/wp\/v2\/product_cat?post=820"},{"taxonomy":"product_tag","embeddable":true,"href":"https:\/\/autopecasanhanguera.com.br\/index.php\/wp-json\/wp\/v2\/product_tag?post=820"}],"curies":[{"name":"wp","href":"https:\/\/api.w.org\/{rel}","templated":true}]}}