{"id":842,"date":"2022-11-23T21:06:06","date_gmt":"2022-11-23T21:06:06","guid":{"rendered":"https:\/\/autopecasanhanguera.com.br\/?post_type=product&#038;p=842"},"modified":"2022-11-23T21:06:06","modified_gmt":"2022-11-23T21:06:06","slug":"alavanca-pedal-acelerador-gol","status":"publish","type":"product","link":"https:\/\/autopecasanhanguera.com.br\/index.php\/product\/alavanca-pedal-acelerador-gol\/","title":{"rendered":"ALAVANCA PEDAL ACELERADOR GOL"},"content":{"rendered":"<p>DESCRI\u00c7\u00c3O= ALAVANCA PEDAL ACELERADOR GOL C\u00d3DIGO DO FABRICANTE= 3057215391*-43* MARCA = VW<\/p>\n","protected":false},"excerpt":{"rendered":"<p>DESCRI\u00c7\u00c3O= ALAVANCA PEDAL ACELERADOR GOL C\u00d3DIGO DO FABRICANTE= 3057215391*-43* MARCA = VW<\/p>\n","protected":false},"featured_media":0,"template":"","meta":{"om_disable_all_campaigns":false,"_monsterinsights_skip_tracking":false,"_monsterinsights_sitenote_active":false,"_monsterinsights_sitenote_note":"","_monsterinsights_sitenote_category":0},"product_cat":[89],"product_tag":[],"aioseo_notices":[],"_links":{"self":[{"href":"https:\/\/autopecasanhanguera.com.br\/index.php\/wp-json\/wp\/v2\/product\/842"}],"collection":[{"href":"https:\/\/autopecasanhanguera.com.br\/index.php\/wp-json\/wp\/v2\/product"}],"about":[{"href":"https:\/\/autopecasanhanguera.com.br\/index.php\/wp-json\/wp\/v2\/types\/product"}],"wp:attachment":[{"href":"https:\/\/autopecasanhanguera.com.br\/index.php\/wp-json\/wp\/v2\/media?parent=842"}],"wp:term":[{"taxonomy":"product_cat","embeddable":true,"href":"https:\/\/autopecasanhanguera.com.br\/index.php\/wp-json\/wp\/v2\/product_cat?post=842"},{"taxonomy":"product_tag","embeddable":true,"href":"https:\/\/autopecasanhanguera.com.br\/index.php\/wp-json\/wp\/v2\/product_tag?post=842"}],"curies":[{"name":"wp","href":"https:\/\/api.w.org\/{rel}","templated":true}]}}