{"id":847,"date":"2022-11-23T21:06:07","date_gmt":"2022-11-23T21:06:07","guid":{"rendered":"https:\/\/autopecasanhanguera.com.br\/?post_type=product&#038;p=847"},"modified":"2023-08-28T20:18:23","modified_gmt":"2023-08-28T20:18:23","slug":"barra-direcao-kombi-fixa-1200","status":"publish","type":"product","link":"https:\/\/autopecasanhanguera.com.br\/index.php\/product\/barra-direcao-kombi-fixa-1200\/","title":{"rendered":"BARRA DIRECAO KOMBI FIXA 1200"},"content":{"rendered":"<p>DESCRI\u00c7\u00c3O= BARRA DIRECAO KOMBI FIXA 1200 C\u00d3DIGO DO FABRICANTE= BD1655\/2114158011 MARCA = TRW<\/p>\n","protected":false},"excerpt":{"rendered":"<p>DESCRI\u00c7\u00c3O= BARRA DIRECAO KOMBI FIXA 1200 C\u00d3DIGO DO FABRICANTE= BD1655\/2114158011 MARCA = TRW<\/p>\n","protected":false},"featured_media":20310,"template":"","meta":{"om_disable_all_campaigns":false,"_monsterinsights_skip_tracking":false,"_monsterinsights_sitenote_active":false,"_monsterinsights_sitenote_note":"","_monsterinsights_sitenote_category":0},"product_cat":[92],"product_tag":[4736,4735,4734,4708,37,4737],"aioseo_notices":[],"_links":{"self":[{"href":"https:\/\/autopecasanhanguera.com.br\/index.php\/wp-json\/wp\/v2\/product\/847"}],"collection":[{"href":"https:\/\/autopecasanhanguera.com.br\/index.php\/wp-json\/wp\/v2\/product"}],"about":[{"href":"https:\/\/autopecasanhanguera.com.br\/index.php\/wp-json\/wp\/v2\/types\/product"}],"wp:featuredmedia":[{"embeddable":true,"href":"https:\/\/autopecasanhanguera.com.br\/index.php\/wp-json\/wp\/v2\/media\/20310"}],"wp:attachment":[{"href":"https:\/\/autopecasanhanguera.com.br\/index.php\/wp-json\/wp\/v2\/media?parent=847"}],"wp:term":[{"taxonomy":"product_cat","embeddable":true,"href":"https:\/\/autopecasanhanguera.com.br\/index.php\/wp-json\/wp\/v2\/product_cat?post=847"},{"taxonomy":"product_tag","embeddable":true,"href":"https:\/\/autopecasanhanguera.com.br\/index.php\/wp-json\/wp\/v2\/product_tag?post=847"}],"curies":[{"name":"wp","href":"https:\/\/api.w.org\/{rel}","templated":true}]}}