{"id":905,"date":"2022-11-23T21:06:14","date_gmt":"2022-11-23T21:06:14","guid":{"rendered":"https:\/\/autopecasanhanguera.com.br\/?post_type=product&#038;p=905"},"modified":"2022-11-23T21:06:14","modified_gmt":"2022-11-23T21:06:14","slug":"rele-auxiliar-mini-12v-70-amp","status":"publish","type":"product","link":"https:\/\/autopecasanhanguera.com.br\/index.php\/product\/rele-auxiliar-mini-12v-70-amp\/","title":{"rendered":"RELE AUXILIAR MINI 12V 70 AMP"},"content":{"rendered":"<p>DESCRI\u00c7\u00c3O= RELE AUXILIAR MINI 12V 70 AMP C\u00d3DIGO DO FABRICANTE= DNI0122\/7121700 MARCA = DNI<\/p>\n","protected":false},"excerpt":{"rendered":"<p>DESCRI\u00c7\u00c3O= RELE AUXILIAR MINI 12V 70 AMP C\u00d3DIGO DO FABRICANTE= DNI0122\/7121700 MARCA = DNI<\/p>\n","protected":false},"featured_media":0,"template":"","meta":{"om_disable_all_campaigns":false,"_monsterinsights_skip_tracking":false,"_monsterinsights_sitenote_active":false,"_monsterinsights_sitenote_note":"","_monsterinsights_sitenote_category":0},"product_cat":[127],"product_tag":[],"aioseo_notices":[],"_links":{"self":[{"href":"https:\/\/autopecasanhanguera.com.br\/index.php\/wp-json\/wp\/v2\/product\/905"}],"collection":[{"href":"https:\/\/autopecasanhanguera.com.br\/index.php\/wp-json\/wp\/v2\/product"}],"about":[{"href":"https:\/\/autopecasanhanguera.com.br\/index.php\/wp-json\/wp\/v2\/types\/product"}],"wp:attachment":[{"href":"https:\/\/autopecasanhanguera.com.br\/index.php\/wp-json\/wp\/v2\/media?parent=905"}],"wp:term":[{"taxonomy":"product_cat","embeddable":true,"href":"https:\/\/autopecasanhanguera.com.br\/index.php\/wp-json\/wp\/v2\/product_cat?post=905"},{"taxonomy":"product_tag","embeddable":true,"href":"https:\/\/autopecasanhanguera.com.br\/index.php\/wp-json\/wp\/v2\/product_tag?post=905"}],"curies":[{"name":"wp","href":"https:\/\/api.w.org\/{rel}","templated":true}]}}