{"id":932,"date":"2022-11-23T21:06:16","date_gmt":"2022-11-23T21:06:16","guid":{"rendered":"https:\/\/autopecasanhanguera.com.br\/?post_type=product&#038;p=932"},"modified":"2022-11-23T21:06:16","modified_gmt":"2022-11-23T21:06:16","slug":"bronzina-biela-mt-perkins-3152","status":"publish","type":"product","link":"https:\/\/autopecasanhanguera.com.br\/index.php\/product\/bronzina-biela-mt-perkins-3152\/","title":{"rendered":"BRONZINA BIELA MT PERKINS 3152"},"content":{"rendered":"<p>DESCRI\u00c7\u00c3O= BRONZINA BIELA MT PERKINS 3152 C\u00d3DIGO DO FABRICANTE= 315270A**43** MARCA = PERKINS<\/p>\n","protected":false},"excerpt":{"rendered":"<p>DESCRI\u00c7\u00c3O= BRONZINA BIELA MT PERKINS 3152 C\u00d3DIGO DO FABRICANTE= 315270A**43** MARCA = PERKINS<\/p>\n","protected":false},"featured_media":0,"template":"","meta":{"om_disable_all_campaigns":false,"_monsterinsights_skip_tracking":false,"_monsterinsights_sitenote_active":false,"_monsterinsights_sitenote_note":"","_monsterinsights_sitenote_category":0},"product_cat":[96],"product_tag":[],"aioseo_notices":[],"_links":{"self":[{"href":"https:\/\/autopecasanhanguera.com.br\/index.php\/wp-json\/wp\/v2\/product\/932"}],"collection":[{"href":"https:\/\/autopecasanhanguera.com.br\/index.php\/wp-json\/wp\/v2\/product"}],"about":[{"href":"https:\/\/autopecasanhanguera.com.br\/index.php\/wp-json\/wp\/v2\/types\/product"}],"wp:attachment":[{"href":"https:\/\/autopecasanhanguera.com.br\/index.php\/wp-json\/wp\/v2\/media?parent=932"}],"wp:term":[{"taxonomy":"product_cat","embeddable":true,"href":"https:\/\/autopecasanhanguera.com.br\/index.php\/wp-json\/wp\/v2\/product_cat?post=932"},{"taxonomy":"product_tag","embeddable":true,"href":"https:\/\/autopecasanhanguera.com.br\/index.php\/wp-json\/wp\/v2\/product_tag?post=932"}],"curies":[{"name":"wp","href":"https:\/\/api.w.org\/{rel}","templated":true}]}}